{"id":156,"date":"2024-12-03T15:39:35","date_gmt":"2024-12-03T15:39:35","guid":{"rendered":"https:\/\/pflegeheim-maranatha.de\/?page_id=156"},"modified":"2024-12-03T21:16:58","modified_gmt":"2024-12-03T21:16:58","slug":"uber-uns","status":"publish","type":"page","link":"https:\/\/pflegeheim-maranatha.de\/?page_id=156","title":{"rendered":"\u00dcber uns"},"content":{"rendered":"<div  class='flex_column av-av_three_fifth-2d22dc0500e159f2b39fe7a147caf14c av_three_fifth  avia-builder-el-0  el_before_av_two_fifth  avia-builder-el-first  first flex_column_div  '     ><section  class='av_textblock_section av-m48ybm1a-ebaf695d4589b73e61ca502216740d90 '   itemscope=\"itemscope\" itemtype=\"https:\/\/schema.org\/CreativeWork\" ><div class='avia_textblock'  itemprop=\"text\" ><p style=\"font-weight: 400;\">Heddesbach, ein wundersch\u00f6ner Ort im Rhein-Neckar-Kreis in Baden-W\u00fcrttemberg, umgeben mit saftigen Wiesen und sanften H\u00fcgeln, dort steht das Haus Maranatha &#8211; ein Pflegeheim, welches mit famili\u00e4rem Charme und einer herzlichen Atmosph\u00e4re \u00fcberzeugt.<\/p>\n<p style=\"font-weight: 400;\">Das Haus Maranatha ist das Werk eines mutigen Mannes, der es in 31- j\u00e4hriger Geschichte mit Weitblick, Mut, Flei\u00df und Gottes Segen geschafft hat, den pflegebed\u00fcrftigen Senioren ein Zuhause zu bieten. Mit dem 30. April 2023 endete die 31-j\u00e4hrige Geschichte des Hauses Maranatha unter der Leitung seines Gr\u00fcnders Johannes Paetzold.<\/p>\n<p style=\"font-weight: 400;\">Ab dem 01. Mai 2023 erfolgte die \u00dcbernahme durch den neuen Betreiber &#8211; Haus Maranatha GmbH.<\/p>\n<p style=\"font-weight: 400;\">Der Erfolg des Hauses Maranatha beruht auf dem Segen Gottes und dem Einsatz ihrer Mitarbeiter. Das klingt selbstverst\u00e4ndlich und ist doch einzigartig. Denn wenn sich Freundlichkeit und Menschlichkeit nicht nur in den Details, sondern auch in den Augen unserer Senioren widerspiegeln, dann haben wir unser gemeinsames Ziel erreicht.<\/p>\n<\/div><\/section><\/div><div  class='flex_column av-av_two_fifth-3b0d446bf9e6f7db91541aa567be4cdf av_two_fifth  avia-builder-el-2  el_after_av_three_fifth  avia-builder-el-last  flex_column_div  '     ><style type=\"text\/css\" data-created_by=\"avia_inline_auto\" id=\"style-css-av-m48y417h-96e9704857ef139063dd7495fe55863a\">\n#top .avia-gallery.av-m48y417h-96e9704857ef139063dd7495fe55863a .avia-gallery-thumb a{\nwidth:33.3333%;\n}\n<\/style>\n<div  class='avia-gallery av-m48y417h-96e9704857ef139063dd7495fe55863a avia_animate_when_visible  avia-builder-el-3  avia-builder-el-no-sibling  avia_lazyload avia-gallery-animate avia-gallery-1'  itemprop=\"image\" itemscope=\"itemscope\" itemtype=\"https:\/\/schema.org\/ImageObject\" ><meta itemprop=\"contentURL\" content=\"https:\/\/pflegeheim-maranatha.de\/?page_id=156\"><div class='avia-gallery-thumb'><a href=\"https:\/\/pflegeheim-maranatha.de\/wp-content\/uploads\/2024\/12\/IMG_1064_resize-773x1030.jpg\" data-srcset=\"https:\/\/pflegeheim-maranatha.de\/wp-content\/uploads\/2024\/12\/IMG_1064_resize-773x1030.jpg 773w, https:\/\/pflegeheim-maranatha.de\/wp-content\/uploads\/2024\/12\/IMG_1064_resize-225x300.jpg 225w, https:\/\/pflegeheim-maranatha.de\/wp-content\/uploads\/2024\/12\/IMG_1064_resize-768x1024.jpg 768w, https:\/\/pflegeheim-maranatha.de\/wp-content\/uploads\/2024\/12\/IMG_1064_resize-1152x1536.jpg 1152w, https:\/\/pflegeheim-maranatha.de\/wp-content\/uploads\/2024\/12\/IMG_1064_resize-1125x1500.jpg 1125w, https:\/\/pflegeheim-maranatha.de\/wp-content\/uploads\/2024\/12\/IMG_1064_resize-529x705.jpg 529w, https:\/\/pflegeheim-maranatha.de\/wp-content\/uploads\/2024\/12\/IMG_1064_resize.jpg 1512w\" data-sizes=\"(max-width: 773px) 100vw, 773px\" data-rel='gallery-1' data-prev-img='https:\/\/pflegeheim-maranatha.de\/wp-content\/uploads\/2024\/12\/IMG_1064_resize-495x400.jpg' class='first_thumb lightbox ' data-onclick='1' title='\u00dcber uns'  itemprop=\"thumbnailUrl\"  ><img decoding=\"async\" fetchpriority=\"high\" class=\"wp-image-175 avia-img-lazy-loading-not-175\"   src=\"https:\/\/pflegeheim-maranatha.de\/wp-content\/uploads\/2024\/12\/IMG_1064_resize-36x36.jpg\" width=\"36\" height=\"36\"  title='\u00dcber uns' alt='' srcset=\"https:\/\/pflegeheim-maranatha.de\/wp-content\/uploads\/2024\/12\/IMG_1064_resize-36x36.jpg 36w, https:\/\/pflegeheim-maranatha.de\/wp-content\/uploads\/2024\/12\/IMG_1064_resize-80x80.jpg 80w, https:\/\/pflegeheim-maranatha.de\/wp-content\/uploads\/2024\/12\/IMG_1064_resize-180x180.jpg 180w\" sizes=\"(max-width: 36px) 100vw, 36px\" \/><div class='big-prev-fake'><img decoding=\"async\" loading=\"lazy\" class=\"wp-image-175 avia-img-lazy-loading-175\"  width=\"495\" height=\"400\" src=\"https:\/\/pflegeheim-maranatha.de\/wp-content\/uploads\/2024\/12\/IMG_1064_resize-495x400.jpg\" title='\u00dcber uns' alt='' srcset=\"https:\/\/pflegeheim-maranatha.de\/wp-content\/uploads\/2024\/12\/IMG_1064_resize-495x400.jpg 495w, https:\/\/pflegeheim-maranatha.de\/wp-content\/uploads\/2024\/12\/IMG_1064_resize-845x684.jpg 845w\" sizes=\"auto, (max-width: 495px) 100vw, 495px\" \/><\/div><\/a><a href=\"https:\/\/pflegeheim-maranatha.de\/wp-content\/uploads\/2024\/12\/IMG_1079_resize-1030x773.jpg\" data-srcset=\"https:\/\/pflegeheim-maranatha.de\/wp-content\/uploads\/2024\/12\/IMG_1079_resize-1030x773.jpg 1030w, https:\/\/pflegeheim-maranatha.de\/wp-content\/uploads\/2024\/12\/IMG_1079_resize-300x225.jpg 300w, https:\/\/pflegeheim-maranatha.de\/wp-content\/uploads\/2024\/12\/IMG_1079_resize-768x576.jpg 768w, https:\/\/pflegeheim-maranatha.de\/wp-content\/uploads\/2024\/12\/IMG_1079_resize-1536x1152.jpg 1536w, https:\/\/pflegeheim-maranatha.de\/wp-content\/uploads\/2024\/12\/IMG_1079_resize-1500x1125.jpg 1500w, https:\/\/pflegeheim-maranatha.de\/wp-content\/uploads\/2024\/12\/IMG_1079_resize-705x529.jpg 705w, https:\/\/pflegeheim-maranatha.de\/wp-content\/uploads\/2024\/12\/IMG_1079_resize.jpg 2016w\" data-sizes=\"(max-width: 1030px) 100vw, 1030px\" data-rel='gallery-1' data-prev-img='https:\/\/pflegeheim-maranatha.de\/wp-content\/uploads\/2024\/12\/IMG_1079_resize-495x400.jpg' class='lightbox ' data-onclick='2' title='\u00dcber uns'  itemprop=\"thumbnailUrl\"  ><img decoding=\"async\" fetchpriority=\"high\" class=\"wp-image-176 avia-img-lazy-loading-not-176\"   src=\"https:\/\/pflegeheim-maranatha.de\/wp-content\/uploads\/2024\/12\/IMG_1079_resize-36x36.jpg\" width=\"36\" height=\"36\"  title='\u00dcber uns' alt='' srcset=\"https:\/\/pflegeheim-maranatha.de\/wp-content\/uploads\/2024\/12\/IMG_1079_resize-36x36.jpg 36w, https:\/\/pflegeheim-maranatha.de\/wp-content\/uploads\/2024\/12\/IMG_1079_resize-80x80.jpg 80w, https:\/\/pflegeheim-maranatha.de\/wp-content\/uploads\/2024\/12\/IMG_1079_resize-180x180.jpg 180w\" sizes=\"(max-width: 36px) 100vw, 36px\" \/><div class='big-prev-fake'><img decoding=\"async\" loading=\"lazy\" class=\"wp-image-176 avia-img-lazy-loading-176\"  width=\"495\" height=\"400\" src=\"https:\/\/pflegeheim-maranatha.de\/wp-content\/uploads\/2024\/12\/IMG_1079_resize-495x400.jpg\" title='\u00dcber uns' alt='' srcset=\"https:\/\/pflegeheim-maranatha.de\/wp-content\/uploads\/2024\/12\/IMG_1079_resize-495x400.jpg 495w, https:\/\/pflegeheim-maranatha.de\/wp-content\/uploads\/2024\/12\/IMG_1079_resize-845x684.jpg 845w\" sizes=\"auto, (max-width: 495px) 100vw, 495px\" \/><\/div><\/a><a href=\"https:\/\/pflegeheim-maranatha.de\/wp-content\/uploads\/2024\/12\/IMG_1088_resize-773x1030.jpg\" data-srcset=\"https:\/\/pflegeheim-maranatha.de\/wp-content\/uploads\/2024\/12\/IMG_1088_resize-773x1030.jpg 773w, https:\/\/pflegeheim-maranatha.de\/wp-content\/uploads\/2024\/12\/IMG_1088_resize-225x300.jpg 225w, https:\/\/pflegeheim-maranatha.de\/wp-content\/uploads\/2024\/12\/IMG_1088_resize-768x1024.jpg 768w, https:\/\/pflegeheim-maranatha.de\/wp-content\/uploads\/2024\/12\/IMG_1088_resize-1152x1536.jpg 1152w, https:\/\/pflegeheim-maranatha.de\/wp-content\/uploads\/2024\/12\/IMG_1088_resize-1125x1500.jpg 1125w, https:\/\/pflegeheim-maranatha.de\/wp-content\/uploads\/2024\/12\/IMG_1088_resize-529x705.jpg 529w, https:\/\/pflegeheim-maranatha.de\/wp-content\/uploads\/2024\/12\/IMG_1088_resize.jpg 1512w\" data-sizes=\"(max-width: 773px) 100vw, 773px\" data-rel='gallery-1' data-prev-img='https:\/\/pflegeheim-maranatha.de\/wp-content\/uploads\/2024\/12\/IMG_1088_resize-495x400.jpg' class='lightbox ' data-onclick='3' title='\u00dcber uns'  itemprop=\"thumbnailUrl\"  ><img decoding=\"async\" fetchpriority=\"high\" class=\"wp-image-177 avia-img-lazy-loading-not-177\"   src=\"https:\/\/pflegeheim-maranatha.de\/wp-content\/uploads\/2024\/12\/IMG_1088_resize-36x36.jpg\" width=\"36\" height=\"36\"  title='\u00dcber uns' alt='' srcset=\"https:\/\/pflegeheim-maranatha.de\/wp-content\/uploads\/2024\/12\/IMG_1088_resize-36x36.jpg 36w, https:\/\/pflegeheim-maranatha.de\/wp-content\/uploads\/2024\/12\/IMG_1088_resize-80x80.jpg 80w, https:\/\/pflegeheim-maranatha.de\/wp-content\/uploads\/2024\/12\/IMG_1088_resize-180x180.jpg 180w\" sizes=\"(max-width: 36px) 100vw, 36px\" \/><div class='big-prev-fake'><img decoding=\"async\" loading=\"lazy\" class=\"wp-image-177 avia-img-lazy-loading-177\"  width=\"495\" height=\"400\" src=\"https:\/\/pflegeheim-maranatha.de\/wp-content\/uploads\/2024\/12\/IMG_1088_resize-495x400.jpg\" title='\u00dcber uns' alt='' srcset=\"https:\/\/pflegeheim-maranatha.de\/wp-content\/uploads\/2024\/12\/IMG_1088_resize-495x400.jpg 495w, https:\/\/pflegeheim-maranatha.de\/wp-content\/uploads\/2024\/12\/IMG_1088_resize-845x684.jpg 845w\" sizes=\"auto, (max-width: 495px) 100vw, 495px\" \/><\/div><\/a><a href=\"https:\/\/pflegeheim-maranatha.de\/wp-content\/uploads\/2024\/12\/IMG_4710_resize-773x1030.jpg\" data-srcset=\"https:\/\/pflegeheim-maranatha.de\/wp-content\/uploads\/2024\/12\/IMG_4710_resize-773x1030.jpg 773w, https:\/\/pflegeheim-maranatha.de\/wp-content\/uploads\/2024\/12\/IMG_4710_resize-225x300.jpg 225w, https:\/\/pflegeheim-maranatha.de\/wp-content\/uploads\/2024\/12\/IMG_4710_resize-768x1024.jpg 768w, https:\/\/pflegeheim-maranatha.de\/wp-content\/uploads\/2024\/12\/IMG_4710_resize-1152x1536.jpg 1152w, https:\/\/pflegeheim-maranatha.de\/wp-content\/uploads\/2024\/12\/IMG_4710_resize-1125x1500.jpg 1125w, https:\/\/pflegeheim-maranatha.de\/wp-content\/uploads\/2024\/12\/IMG_4710_resize-529x705.jpg 529w, https:\/\/pflegeheim-maranatha.de\/wp-content\/uploads\/2024\/12\/IMG_4710_resize.jpg 1512w\" data-sizes=\"(max-width: 773px) 100vw, 773px\" data-rel='gallery-1' data-prev-img='https:\/\/pflegeheim-maranatha.de\/wp-content\/uploads\/2024\/12\/IMG_4710_resize-495x400.jpg' class='first_thumb lightbox ' data-onclick='4' title='\u00dcber uns'  itemprop=\"thumbnailUrl\"  ><img decoding=\"async\" fetchpriority=\"high\" class=\"wp-image-179 avia-img-lazy-loading-not-179\"   src=\"https:\/\/pflegeheim-maranatha.de\/wp-content\/uploads\/2024\/12\/IMG_4710_resize-36x36.jpg\" width=\"36\" height=\"36\"  title='\u00dcber uns' alt='' srcset=\"https:\/\/pflegeheim-maranatha.de\/wp-content\/uploads\/2024\/12\/IMG_4710_resize-36x36.jpg 36w, https:\/\/pflegeheim-maranatha.de\/wp-content\/uploads\/2024\/12\/IMG_4710_resize-80x80.jpg 80w, https:\/\/pflegeheim-maranatha.de\/wp-content\/uploads\/2024\/12\/IMG_4710_resize-180x180.jpg 180w\" sizes=\"(max-width: 36px) 100vw, 36px\" \/><div class='big-prev-fake'><img decoding=\"async\" loading=\"lazy\" class=\"wp-image-179 avia-img-lazy-loading-179\"  width=\"495\" height=\"400\" src=\"https:\/\/pflegeheim-maranatha.de\/wp-content\/uploads\/2024\/12\/IMG_4710_resize-495x400.jpg\" title='\u00dcber uns' alt='' srcset=\"https:\/\/pflegeheim-maranatha.de\/wp-content\/uploads\/2024\/12\/IMG_4710_resize-495x400.jpg 495w, https:\/\/pflegeheim-maranatha.de\/wp-content\/uploads\/2024\/12\/IMG_4710_resize-845x684.jpg 845w\" sizes=\"auto, (max-width: 495px) 100vw, 495px\" \/><\/div><\/a><a href=\"https:\/\/pflegeheim-maranatha.de\/wp-content\/uploads\/2024\/12\/IMG_4714_resize-773x1030.jpg\" data-srcset=\"https:\/\/pflegeheim-maranatha.de\/wp-content\/uploads\/2024\/12\/IMG_4714_resize-773x1030.jpg 773w, https:\/\/pflegeheim-maranatha.de\/wp-content\/uploads\/2024\/12\/IMG_4714_resize-225x300.jpg 225w, https:\/\/pflegeheim-maranatha.de\/wp-content\/uploads\/2024\/12\/IMG_4714_resize-768x1024.jpg 768w, https:\/\/pflegeheim-maranatha.de\/wp-content\/uploads\/2024\/12\/IMG_4714_resize-1152x1536.jpg 1152w, https:\/\/pflegeheim-maranatha.de\/wp-content\/uploads\/2024\/12\/IMG_4714_resize-1125x1500.jpg 1125w, https:\/\/pflegeheim-maranatha.de\/wp-content\/uploads\/2024\/12\/IMG_4714_resize-529x705.jpg 529w, https:\/\/pflegeheim-maranatha.de\/wp-content\/uploads\/2024\/12\/IMG_4714_resize.jpg 1512w\" data-sizes=\"(max-width: 773px) 100vw, 773px\" data-rel='gallery-1' data-prev-img='https:\/\/pflegeheim-maranatha.de\/wp-content\/uploads\/2024\/12\/IMG_4714_resize-495x400.jpg' class='lightbox ' data-onclick='5' title='\u00dcber uns'  itemprop=\"thumbnailUrl\"  ><img decoding=\"async\" fetchpriority=\"high\" class=\"wp-image-180 avia-img-lazy-loading-not-180\"   src=\"https:\/\/pflegeheim-maranatha.de\/wp-content\/uploads\/2024\/12\/IMG_4714_resize-36x36.jpg\" width=\"36\" height=\"36\"  title='\u00dcber uns' alt='' srcset=\"https:\/\/pflegeheim-maranatha.de\/wp-content\/uploads\/2024\/12\/IMG_4714_resize-36x36.jpg 36w, https:\/\/pflegeheim-maranatha.de\/wp-content\/uploads\/2024\/12\/IMG_4714_resize-80x80.jpg 80w, https:\/\/pflegeheim-maranatha.de\/wp-content\/uploads\/2024\/12\/IMG_4714_resize-180x180.jpg 180w\" sizes=\"(max-width: 36px) 100vw, 36px\" \/><div class='big-prev-fake'><img decoding=\"async\" loading=\"lazy\" class=\"wp-image-180 avia-img-lazy-loading-180\"  width=\"495\" height=\"400\" src=\"https:\/\/pflegeheim-maranatha.de\/wp-content\/uploads\/2024\/12\/IMG_4714_resize-495x400.jpg\" title='\u00dcber uns' alt='' srcset=\"https:\/\/pflegeheim-maranatha.de\/wp-content\/uploads\/2024\/12\/IMG_4714_resize-495x400.jpg 495w, https:\/\/pflegeheim-maranatha.de\/wp-content\/uploads\/2024\/12\/IMG_4714_resize-845x684.jpg 845w\" sizes=\"auto, (max-width: 495px) 100vw, 495px\" \/><\/div><\/a><a href=\"https:\/\/pflegeheim-maranatha.de\/wp-content\/uploads\/2024\/12\/IMG_4721_resize-1030x773.jpg\" data-srcset=\"https:\/\/pflegeheim-maranatha.de\/wp-content\/uploads\/2024\/12\/IMG_4721_resize-1030x773.jpg 1030w, https:\/\/pflegeheim-maranatha.de\/wp-content\/uploads\/2024\/12\/IMG_4721_resize-300x225.jpg 300w, https:\/\/pflegeheim-maranatha.de\/wp-content\/uploads\/2024\/12\/IMG_4721_resize-768x576.jpg 768w, https:\/\/pflegeheim-maranatha.de\/wp-content\/uploads\/2024\/12\/IMG_4721_resize-1536x1152.jpg 1536w, https:\/\/pflegeheim-maranatha.de\/wp-content\/uploads\/2024\/12\/IMG_4721_resize-1500x1125.jpg 1500w, https:\/\/pflegeheim-maranatha.de\/wp-content\/uploads\/2024\/12\/IMG_4721_resize-705x529.jpg 705w, https:\/\/pflegeheim-maranatha.de\/wp-content\/uploads\/2024\/12\/IMG_4721_resize.jpg 2016w\" data-sizes=\"(max-width: 1030px) 100vw, 1030px\" data-rel='gallery-1' data-prev-img='https:\/\/pflegeheim-maranatha.de\/wp-content\/uploads\/2024\/12\/IMG_4721_resize-495x400.jpg' class='lightbox ' data-onclick='6' title='\u00dcber uns'  itemprop=\"thumbnailUrl\"  ><img decoding=\"async\" fetchpriority=\"high\" class=\"wp-image-181 avia-img-lazy-loading-not-181\"   src=\"https:\/\/pflegeheim-maranatha.de\/wp-content\/uploads\/2024\/12\/IMG_4721_resize-36x36.jpg\" width=\"36\" height=\"36\"  title='\u00dcber uns' alt='' srcset=\"https:\/\/pflegeheim-maranatha.de\/wp-content\/uploads\/2024\/12\/IMG_4721_resize-36x36.jpg 36w, https:\/\/pflegeheim-maranatha.de\/wp-content\/uploads\/2024\/12\/IMG_4721_resize-80x80.jpg 80w, https:\/\/pflegeheim-maranatha.de\/wp-content\/uploads\/2024\/12\/IMG_4721_resize-180x180.jpg 180w\" sizes=\"(max-width: 36px) 100vw, 36px\" \/><div class='big-prev-fake'><img decoding=\"async\" loading=\"lazy\" class=\"wp-image-181 avia-img-lazy-loading-181\"  width=\"495\" height=\"400\" src=\"https:\/\/pflegeheim-maranatha.de\/wp-content\/uploads\/2024\/12\/IMG_4721_resize-495x400.jpg\" title='\u00dcber uns' alt='' srcset=\"https:\/\/pflegeheim-maranatha.de\/wp-content\/uploads\/2024\/12\/IMG_4721_resize-495x400.jpg 495w, https:\/\/pflegeheim-maranatha.de\/wp-content\/uploads\/2024\/12\/IMG_4721_resize-845x684.jpg 845w\" sizes=\"auto, (max-width: 495px) 100vw, 495px\" \/><\/div><\/a><\/div><\/div><\/div><\/p>\n","protected":false},"excerpt":{"rendered":"","protected":false},"author":1,"featured_media":0,"parent":0,"menu_order":0,"comment_status":"closed","ping_status":"closed","template":"","meta":{"footnotes":""},"class_list":["post-156","page","type-page","status-publish","hentry"],"_links":{"self":[{"href":"https:\/\/pflegeheim-maranatha.de\/index.php?rest_route=\/wp\/v2\/pages\/156","targetHints":{"allow":["GET"]}}],"collection":[{"href":"https:\/\/pflegeheim-maranatha.de\/index.php?rest_route=\/wp\/v2\/pages"}],"about":[{"href":"https:\/\/pflegeheim-maranatha.de\/index.php?rest_route=\/wp\/v2\/types\/page"}],"author":[{"embeddable":true,"href":"https:\/\/pflegeheim-maranatha.de\/index.php?rest_route=\/wp\/v2\/users\/1"}],"replies":[{"embeddable":true,"href":"https:\/\/pflegeheim-maranatha.de\/index.php?rest_route=%2Fwp%2Fv2%2Fcomments&post=156"}],"version-history":[{"count":6,"href":"https:\/\/pflegeheim-maranatha.de\/index.php?rest_route=\/wp\/v2\/pages\/156\/revisions"}],"predecessor-version":[{"id":186,"href":"https:\/\/pflegeheim-maranatha.de\/index.php?rest_route=\/wp\/v2\/pages\/156\/revisions\/186"}],"wp:attachment":[{"href":"https:\/\/pflegeheim-maranatha.de\/index.php?rest_route=%2Fwp%2Fv2%2Fmedia&parent=156"}],"curies":[{"name":"wp","href":"https:\/\/api.w.org\/{rel}","templated":true}]}}